{"id":839,"date":"2019-01-21T11:11:08","date_gmt":"2019-01-21T10:11:08","guid":{"rendered":"https:\/\/www.bufiscom.be\/jobs\/"},"modified":"2020-03-20T09:54:22","modified_gmt":"2020-03-20T08:54:22","slug":"jobs","status":"publish","type":"page","link":"https:\/\/www.bufiscom.be\/en\/jobs\/","title":{"rendered":"Jobs"},"content":{"rendered":"<div class=\"wpb-content-wrapper\"><p>[vc_row][vc_column][vc_column_text]<\/p>\n<p style=\"text-align: center; font-size: 18px; line-height: 25px;\">We always search new talents to sustain our development ! We regularly keep up to date the list of open positions here below.<\/p>\n<p style=\"text-align: center;\">You don\u2019t find a proper fit ? Please do not hesitate to send your CV.<\/p>\n<p>[\/vc_column_text][\/vc_column][\/vc_row][vc_row gap=&#8221;10&#8243; equal_height=&#8221;yes&#8221; content_placement=&#8221;middle&#8221; type=&#8221;vc_default&#8221; css=&#8221;.vc_custom_1548065403142{margin-bottom: 20px !important;}&#8221;][vc_column width=&#8221;1\/4&#8243;][\/vc_column][vc_column width=&#8221;1\/2&#8243; css=&#8221;.vc_custom_1548065665202{padding-top: 20px !important;padding-right: 20px !important;padding-bottom: 20px !important;padding-left: 20px !important;background-color: #d55d19 !important;border-radius: 5px !important;}&#8221;][vc_icon type=&#8221;material&#8221; icon_material=&#8221;vc-material vc-material-search&#8221; color=&#8221;white&#8221; background_style=&#8221;rounded-outline&#8221; background_color=&#8221;white&#8221; align=&#8221;center&#8221; css_animation=&#8221;appear&#8221; css=&#8221;.vc_custom_1548065813202{margin-bottom: 20px !important;}&#8221;][vc_column_text css=&#8221;.vc_custom_1578478000450{margin-bottom: 15px !important;}&#8221;]<\/p>\n<h3 style=\"text-align: center;\"><span style=\"color: #ffffff;\">Bachelor in Accounting<\/span><\/h3>\n<p>[\/vc_column_text]<div id=\"modal-trg-txt-wrap-5114\" class=\"ult-modal-input-wrapper ult-adjust-bottom-margin   vc_custom_1578478539737  \" data-keypress-control=\"keypress-control-enable\" data-overlay-control=\"overlay-control-enable\"><button  data-ultimate-target='#modal-trg-txt-wrap-5114 .btn-modal'  data-responsive-json-new='{\"font-size\":\"desktop:18px;\",\"line-height\":\"desktop:25px;\"}'  style=\"background:#ffffff;border-color:#ffffff;color:#d55c19; font-family:&#039;Dosis&#039;;font-weight:700;\" data-class-id=\"content-69f41e28be9b68-55511825\" class=\"btn-modal ult-responsive btn-primary btn-modal-md overlay-show ult-align-center btn-id-69f41e28be9b68-55511825\" data-overlay-class=\"overlay-slideup\">Infos &amp; application<\/button><\/div>\n<div class=\"ult-overlay content-69f41e28be9b68-55511825 \" data-class=\"content-69f41e28be9b68-55511825\" id=\"button-click-overlay\" style=\"background:rgba(213,92,25,0.8); display:none;\">\n\t<div class=\"ult_modal ult-fade ult-medium\">\n\t\t<div id=\"ult-modal-wrap-1189\" class=\"ult_modal-content ult-hide\" style=\"border-style:solid;border-width:2px;border-radius:0px;border-color:#333333;\">\n\t\t\t<div class=\"ult_modal-header\" style=\"color:#d55c19;font-weight:bold;border-color:#333333;\">\n\t\t\t\t<h3  data-ultimate-target='#ult-modal-wrap-1189 .ult_modal-title'  data-responsive-json-new='{\"font-size\":\"desktop:28px;\",\"line-height\":\"desktop:35px;\"}'  class=\"ult_modal-title ult-responsive\">Bachelor in Accounting<\/h3>\n\t\t\t<\/div>\n\t\t\t<div  data-ultimate-target='#ult-modal-wrap-1189 .ult_modal-body'  data-responsive-json-new='{\"font-size\":\"\",\"line-height\":\"\"}'  class=\"ult_modal-body ult-responsive ult-html\" style=\"\">\n\t\t\t<strong><em>Le Cabinet d\u2019expertise comptable et conseil fiscal, Fiduciaire Bufiscom sprl<\/em><\/strong><\/p>\n<p><strong><em>Recherche<\/em><\/strong><\/p>\n<p><strong><em>Un\/une Bachelier en comptabilit\u00e9<\/em><\/strong><\/p>\n<p>Exp\u00e9rience de quelques ann\u00e9es dans une Fiduciaire est un plus<\/p>\n<p>Disponible rapidement<\/p>\n<p>Actuel (ou futur) stagiaire IPCF ou IEC<\/p>\n<p>Pr\u00eat \u00e0 travailler en alternance dans le Brabant Wallon (zone Wavre\/Ottignies) et \u00e0 Bruxelles (WSL)<\/p>\n<p><strong><u>Connaissances des langues\u00a0: <\/u><\/strong><\/p>\n<ul>\n<li>Fran\u00e7ais<\/li>\n<li>N\u00e9erlandais et Anglais (Conversation courante et compr\u00e9hension \u00e0 la lecture pour ces deux langues)<\/li>\n<\/ul>\n<p><strong><u>Connaissant le travail comptable en fiduciaire\u00a0et ses sp\u00e9cificit\u00e9s c\u2019est-\u00e0-dire\u00a0: <\/u><\/strong><\/p>\n<ul>\n<li>Travail intense mais vari\u00e9 : pr\u00e9paration situations comptables, \u00e9tablissement d\u00e9clarations TVA, fiscales, suivi situations interm\u00e9diaires, etc.<\/li>\n<li>Logiciels\u00a0comptables : Winbooks, Exact Online, Virtual Invoice, Winbooks connect, etc.<\/li>\n<li>Bonne connaissance de Microsoft Office (Word, Excel, PwP)<\/li>\n<\/ul>\n<p><strong><u>Nous recherchons une personne pr\u00eate \u00e0\u00a0:<\/u><\/strong><\/p>\n<ul>\n<li>int\u00e9grer une petite \u00e9quipe<\/li>\n<li>dot\u00e9 d\u2019un temp\u00e9rament sachant s\u2019adapter rapidement aux situations,<\/li>\n<li>proactif et r\u00e9sistant au stress en fonction des \u00e9ch\u00e9ances<\/li>\n<li>qualit\u00e9s\u00a0: pr\u00e9cis, ordonn\u00e9, structur\u00e9, souriant, orient\u00e9 \u00ab\u00a0client\u00a0\u00bb<\/li>\n<li>Aimant progresser dans ses connaissances et responsabilit\u00e9s<\/li>\n<\/ul>\n<p><strong><u>Nous offrons\u00a0: <\/u><\/strong><\/p>\n<p>Le poste est une fonction de comptable, \u00e0 exercer au sein d\u2019un Cabinet d\u2019Expertise Comptable -Conseil Fiscal en pleine expansion.<\/p>\n<p>Contrat de travail \u00e0 dur\u00e9e ind\u00e9termin\u00e9e, temps complet (38 h)<\/p>\n<p>Excellente ambiance de travail &#8211; Environnement moderne et agr\u00e9able<\/p>\n<p>R\u00e9mun\u00e9ration \u00e0 d\u00e9terminer en fonction de l\u2019exp\u00e9rience<\/p>\n<p>Avantages extra-l\u00e9gaux<\/p>\n<p>&nbsp;<\/p>\n<p><strong><u>Pour poser votre candidature, s\u2019adresser \u00e0\u00a0 <a href=\"mailto:info@bufiscom.be\">info@bufiscom.be<\/a>\u00a0\u00a0\u00a0\u00a0\u00a0\u00a0\u00a0\u00a0\u00a0\u00a0\u00a0 02\/772 53 00<\/u><\/strong>\n\t\t\t<\/div>\n\t<\/div>\n\t<\/div>\n\t<div class=\"ult-overlay-close top-right\" style=\"width:10px;height:10px; background-color: #d55c19;border-radius: 50%;padding:10px;box-sizing: content-box;\"><div class=\"ult-overlay-close-inside\">Close<\/div><\/div>\n<\/div>[\/vc_column][vc_column width=&#8221;1\/4&#8243;][\/vc_column][\/vc_row][vc_row margin_top=&#8221;80&#8243;][vc_column width=&#8221;1\/4&#8243;][\/vc_column][vc_column width=&#8221;1\/2&#8243;][vc_column_text]<\/p>\n<h2 style=\"text-align: center;\">Spontaneous application<\/h2>\n<p>[\/vc_column_text]\n<div class=\"wpcf7 no-js\" id=\"wpcf7-f745-o1\" lang=\"fr-FR\" dir=\"ltr\" data-wpcf7-id=\"745\">\n<div class=\"screen-reader-response\"><p role=\"status\" aria-live=\"polite\" aria-atomic=\"true\"><\/p> <ul><\/ul><\/div>\n<form action=\"\/en\/wp-json\/wp\/v2\/pages\/839#wpcf7-f745-o1\" method=\"post\" class=\"wpcf7-form init\" aria-label=\"Formulaire de contact\" enctype=\"multipart\/form-data\" novalidate=\"novalidate\" data-status=\"init\">\n<fieldset class=\"hidden-fields-container\"><input type=\"hidden\" name=\"_wpcf7\" value=\"745\" \/><input type=\"hidden\" name=\"_wpcf7_version\" value=\"6.1.5\" \/><input type=\"hidden\" name=\"_wpcf7_locale\" value=\"fr_FR\" \/><input type=\"hidden\" name=\"_wpcf7_unit_tag\" value=\"wpcf7-f745-o1\" \/><input type=\"hidden\" name=\"_wpcf7_container_post\" value=\"0\" \/><input type=\"hidden\" name=\"_wpcf7_posted_data_hash\" value=\"\" \/><input type=\"hidden\" name=\"_wpcf7_recaptcha_response\" value=\"\" \/>\n<\/fieldset>\n<p style=\"margin-bottom: 20px;\"><label>You apply for :<\/label><br \/>\n<span class=\"wpcf7-form-control-wrap\" data-name=\"job\"><span class=\"wpcf7-form-control wpcf7-checkbox\"><span class=\"wpcf7-list-item first\"><label><input type=\"checkbox\" name=\"job[]\" value=\"Traineeship\" \/><span class=\"wpcf7-list-item-label\">Traineeship<\/span><\/label><\/span><span class=\"wpcf7-list-item last\"><label><input type=\"checkbox\" name=\"job[]\" value=\"Permanent job\" \/><span class=\"wpcf7-list-item-label\">Permanent job<\/span><\/label><\/span><\/span><\/span>\n<\/p>\n<p><label>First name *<\/label><br \/>\n<span class=\"wpcf7-form-control-wrap\" data-name=\"prenom\"><input size=\"40\" maxlength=\"400\" class=\"wpcf7-form-control wpcf7-text wpcf7-validates-as-required\" aria-required=\"true\" aria-invalid=\"false\" value=\"\" type=\"text\" name=\"prenom\" \/><\/span>\n<\/p>\n<p><label>Name *<\/label><br \/>\n<span class=\"wpcf7-form-control-wrap\" data-name=\"nom\"><input size=\"40\" maxlength=\"400\" class=\"wpcf7-form-control wpcf7-text wpcf7-validates-as-required\" aria-required=\"true\" aria-invalid=\"false\" value=\"\" type=\"text\" name=\"nom\" \/><\/span>\n<\/p>\n<p><label>Email address *<\/label><br \/>\n<span class=\"wpcf7-form-control-wrap\" data-name=\"email\"><input size=\"40\" maxlength=\"400\" class=\"wpcf7-form-control wpcf7-email wpcf7-validates-as-required wpcf7-text wpcf7-validates-as-email\" aria-required=\"true\" aria-invalid=\"false\" value=\"\" type=\"email\" name=\"email\" \/><\/span>\n<\/p>\n<p><label>Tel\/Mobile *<\/label><br \/>\n<span class=\"wpcf7-form-control-wrap\" data-name=\"telephone\"><input size=\"40\" maxlength=\"400\" class=\"wpcf7-form-control wpcf7-tel wpcf7-validates-as-required wpcf7-text wpcf7-validates-as-tel\" aria-required=\"true\" aria-invalid=\"false\" value=\"\" type=\"tel\" name=\"telephone\" \/><\/span>\n<\/p>\n<p><label>Website<\/label><br \/>\n<span class=\"wpcf7-form-control-wrap\" data-name=\"site\"><input size=\"40\" maxlength=\"400\" class=\"wpcf7-form-control wpcf7-url wpcf7-text wpcf7-validates-as-url\" aria-invalid=\"false\" value=\"\" type=\"url\" name=\"site\" \/><\/span>\n<\/p>\n<p><label>Message<\/label><br \/>\n<span class=\"wpcf7-form-control-wrap\" data-name=\"message\"><textarea cols=\"1\" rows=\"2\" maxlength=\"2000\" class=\"wpcf7-form-control wpcf7-textarea\" aria-invalid=\"false\" name=\"message\"><\/textarea><\/span>\n<\/p>\n<p><label>CV (pdf) *<\/label>\n<\/p>\n<p><span class=\"wpcf7-form-control-wrap\" data-name=\"cv\"><input size=\"40\" class=\"wpcf7-form-control wpcf7-file wpcf7-validates-as-required\" accept=\".pdf\" aria-required=\"true\" aria-invalid=\"false\" type=\"file\" name=\"cv\" \/><\/span>\n<\/p>\n<p><small>Max 3 mb<\/small>\n<\/p>\n<p><label>Cover letter (pdf) *<\/label>\n<\/p>\n<p><span class=\"wpcf7-form-control-wrap\" data-name=\"lettre\"><input size=\"40\" class=\"wpcf7-form-control wpcf7-file wpcf7-validates-as-required\" accept=\".pdf\" aria-required=\"true\" aria-invalid=\"false\" type=\"file\" name=\"lettre\" \/><\/span>\n<\/p>\n<p><small>Max 3 mb<\/small>\n<\/p>\n<p style=\"font-size: 12px; line-height: 20px;\">By sending this sheet, you accept that Bufiscom keeps and use the collected informations for the purpose of processing your request. Should you want to know more about our privacy policy, you will find it <a href=\"https:\/\/www.bufiscom.be\/en\/confidentiality-policy\/\" target=\"_blank\">below<\/a>\n<\/p>\n<p style=\"font-size: 12px; line-height: 20px;\"><span class=\"wpcf7-form-control-wrap\" data-name=\"privacy\"><span class=\"wpcf7-form-control wpcf7-acceptance\"><span class=\"wpcf7-list-item\"><label><input type=\"checkbox\" name=\"privacy\" value=\"1\" aria-invalid=\"false\" \/><span class=\"wpcf7-list-item-label\">Yes, I give my consent<\/span><\/label><\/span><\/span><\/span>\n<\/p>\n<p><input class=\"wpcf7-form-control wpcf7-submit has-spinner\" type=\"submit\" value=\"Send\" \/>\n<\/p><div class=\"wpcf7-response-output\" aria-hidden=\"true\"><\/div>\n<\/form>\n<\/div>\n[\/vc_column][vc_column width=&#8221;1\/4&#8243;][\/vc_column][\/vc_row]<\/p>\n<\/div>","protected":false},"excerpt":{"rendered":"<p>[vc_row][vc_column][vc_column_text] We always search new talents to sustain our development ! We regularly keep up to date the list of open positions here below. You don\u2019t find a proper fit ? Please do not hesitate to send your CV. [\/vc_column_text][\/vc_column][\/vc_row][vc_row gap=&#8221;10&#8243; equal_height=&#8221;yes&#8221; content_placement=&#8221;middle&#8221; type=&#8221;vc_default&#8221; css=&#8221;.vc_custom_1548065403142{margin-bottom: 20px !important;}&#8221;][vc_column width=&#8221;1\/4&#8243;][\/vc_column][vc_column width=&#8221;1\/2&#8243; css=&#8221;.vc_custom_1548065665202{padding-top: 20px !important;padding-right: 20px !important;padding-bottom: 20px&hellip;<\/p>\n","protected":false},"author":4,"featured_media":0,"parent":0,"menu_order":9,"comment_status":"closed","ping_status":"closed","template":"","meta":{"footnotes":""},"class_list":["post-839","page","type-page","status-publish","hentry","description-off"],"yoast_head":"<!-- This site is optimized with the Yoast SEO plugin v27.5 - https:\/\/yoast.com\/product\/yoast-seo-wordpress\/ -->\n<title>Job offer in the Fiduciaire Bufiscom in Limal and Brussels<\/title>\n<meta name=\"description\" content=\"We always search new talents to sustain our development ! We regularly keep up to date the list of open positions here below. Apply now\" \/>\n<meta name=\"robots\" content=\"index, follow, max-snippet:-1, max-image-preview:large, max-video-preview:-1\" \/>\n<link rel=\"canonical\" href=\"https:\/\/www.bufiscom.be\/en\/jobs\/\" \/>\n<meta property=\"og:locale\" content=\"en_US\" \/>\n<meta property=\"og:type\" content=\"article\" \/>\n<meta property=\"og:title\" content=\"Job offer in the Fiduciaire Bufiscom in Limal and Brussels\" \/>\n<meta property=\"og:description\" content=\"We always search new talents to sustain our development ! We regularly keep up to date the list of open positions here below. Apply now\" \/>\n<meta property=\"og:url\" content=\"https:\/\/www.bufiscom.be\/en\/jobs\/\" \/>\n<meta property=\"og:site_name\" content=\"Bufiscom\" \/>\n<meta property=\"article:modified_time\" content=\"2020-03-20T08:54:22+00:00\" \/>\n<meta name=\"twitter:card\" content=\"summary_large_image\" \/>\n<meta name=\"twitter:label1\" content=\"Est. reading time\" \/>\n\t<meta name=\"twitter:data1\" content=\"3 minutes\" \/>\n<script type=\"application\/ld+json\" class=\"yoast-schema-graph\">{\"@context\":\"https:\\\/\\\/schema.org\",\"@graph\":[{\"@type\":\"WebPage\",\"@id\":\"https:\\\/\\\/www.bufiscom.be\\\/en\\\/jobs\\\/\",\"url\":\"https:\\\/\\\/www.bufiscom.be\\\/en\\\/jobs\\\/\",\"name\":\"Job offer in the Fiduciaire Bufiscom in Limal and Brussels\",\"isPartOf\":{\"@id\":\"https:\\\/\\\/www.bufiscom.be\\\/#website\"},\"datePublished\":\"2019-01-21T10:11:08+00:00\",\"dateModified\":\"2020-03-20T08:54:22+00:00\",\"description\":\"We always search new talents to sustain our development ! We regularly keep up to date the list of open positions here below. Apply now\",\"breadcrumb\":{\"@id\":\"https:\\\/\\\/www.bufiscom.be\\\/en\\\/jobs\\\/#breadcrumb\"},\"inLanguage\":\"en-US\",\"potentialAction\":[{\"@type\":\"ReadAction\",\"target\":[\"https:\\\/\\\/www.bufiscom.be\\\/en\\\/jobs\\\/\"]}]},{\"@type\":\"BreadcrumbList\",\"@id\":\"https:\\\/\\\/www.bufiscom.be\\\/en\\\/jobs\\\/#breadcrumb\",\"itemListElement\":[{\"@type\":\"ListItem\",\"position\":1,\"name\":\"Home\",\"item\":\"https:\\\/\\\/www.bufiscom.be\\\/en\\\/\"},{\"@type\":\"ListItem\",\"position\":2,\"name\":\"Jobs\"}]},{\"@type\":\"WebSite\",\"@id\":\"https:\\\/\\\/www.bufiscom.be\\\/#website\",\"url\":\"https:\\\/\\\/www.bufiscom.be\\\/\",\"name\":\"Bufiscom\",\"description\":\"\",\"potentialAction\":[{\"@type\":\"SearchAction\",\"target\":{\"@type\":\"EntryPoint\",\"urlTemplate\":\"https:\\\/\\\/www.bufiscom.be\\\/?s={search_term_string}\"},\"query-input\":{\"@type\":\"PropertyValueSpecification\",\"valueRequired\":true,\"valueName\":\"search_term_string\"}}],\"inLanguage\":\"en-US\"}]}<\/script>\n<!-- \/ Yoast SEO plugin. -->","yoast_head_json":{"title":"Job offer in the Fiduciaire Bufiscom in Limal and Brussels","description":"We always search new talents to sustain our development ! We regularly keep up to date the list of open positions here below. Apply now","robots":{"index":"index","follow":"follow","max-snippet":"max-snippet:-1","max-image-preview":"max-image-preview:large","max-video-preview":"max-video-preview:-1"},"canonical":"https:\/\/www.bufiscom.be\/en\/jobs\/","og_locale":"en_US","og_type":"article","og_title":"Job offer in the Fiduciaire Bufiscom in Limal and Brussels","og_description":"We always search new talents to sustain our development ! We regularly keep up to date the list of open positions here below. Apply now","og_url":"https:\/\/www.bufiscom.be\/en\/jobs\/","og_site_name":"Bufiscom","article_modified_time":"2020-03-20T08:54:22+00:00","twitter_card":"summary_large_image","twitter_misc":{"Est. reading time":"3 minutes"},"schema":{"@context":"https:\/\/schema.org","@graph":[{"@type":"WebPage","@id":"https:\/\/www.bufiscom.be\/en\/jobs\/","url":"https:\/\/www.bufiscom.be\/en\/jobs\/","name":"Job offer in the Fiduciaire Bufiscom in Limal and Brussels","isPartOf":{"@id":"https:\/\/www.bufiscom.be\/#website"},"datePublished":"2019-01-21T10:11:08+00:00","dateModified":"2020-03-20T08:54:22+00:00","description":"We always search new talents to sustain our development ! We regularly keep up to date the list of open positions here below. Apply now","breadcrumb":{"@id":"https:\/\/www.bufiscom.be\/en\/jobs\/#breadcrumb"},"inLanguage":"en-US","potentialAction":[{"@type":"ReadAction","target":["https:\/\/www.bufiscom.be\/en\/jobs\/"]}]},{"@type":"BreadcrumbList","@id":"https:\/\/www.bufiscom.be\/en\/jobs\/#breadcrumb","itemListElement":[{"@type":"ListItem","position":1,"name":"Home","item":"https:\/\/www.bufiscom.be\/en\/"},{"@type":"ListItem","position":2,"name":"Jobs"}]},{"@type":"WebSite","@id":"https:\/\/www.bufiscom.be\/#website","url":"https:\/\/www.bufiscom.be\/","name":"Bufiscom","description":"","potentialAction":[{"@type":"SearchAction","target":{"@type":"EntryPoint","urlTemplate":"https:\/\/www.bufiscom.be\/?s={search_term_string}"},"query-input":{"@type":"PropertyValueSpecification","valueRequired":true,"valueName":"search_term_string"}}],"inLanguage":"en-US"}]}},"_links":{"self":[{"href":"https:\/\/www.bufiscom.be\/en\/wp-json\/wp\/v2\/pages\/839","targetHints":{"allow":["GET"]}}],"collection":[{"href":"https:\/\/www.bufiscom.be\/en\/wp-json\/wp\/v2\/pages"}],"about":[{"href":"https:\/\/www.bufiscom.be\/en\/wp-json\/wp\/v2\/types\/page"}],"author":[{"embeddable":true,"href":"https:\/\/www.bufiscom.be\/en\/wp-json\/wp\/v2\/users\/4"}],"replies":[{"embeddable":true,"href":"https:\/\/www.bufiscom.be\/en\/wp-json\/wp\/v2\/comments?post=839"}],"version-history":[{"count":0,"href":"https:\/\/www.bufiscom.be\/en\/wp-json\/wp\/v2\/pages\/839\/revisions"}],"wp:attachment":[{"href":"https:\/\/www.bufiscom.be\/en\/wp-json\/wp\/v2\/media?parent=839"}],"curies":[{"name":"wp","href":"https:\/\/api.w.org\/{rel}","templated":true}]}}